{"id":7,"date":"2022-04-03T23:10:43","date_gmt":"2022-04-03T23:10:43","guid":{"rendered":"https:\/\/gattaparda.com\/index.php\/cart\/"},"modified":"2023-09-01T17:40:19","modified_gmt":"2023-09-01T20:40:19","slug":"cart","status":"publish","type":"page","link":"https:\/\/gattaparda.com\/index.php\/cart\/","title":{"rendered":"Cart"},"content":{"rendered":"\t\t<div data-elementor-type=\"wp-page\" data-elementor-id=\"7\" class=\"elementor elementor-7\" data-elementor-post-type=\"page\">\n\t\t\t\t\t\t\t<div data-particle_enable=\"false\" data-particle-mobile-disabled=\"false\" class=\"elementor-element elementor-element-3a6d691 e-con-full e-flex e-con e-parent\" data-id=\"3a6d691\" data-element_type=\"container\" data-settings=\"{&quot;content_width&quot;:&quot;full&quot;,&quot;background_background&quot;:&quot;slideshow&quot;,&quot;background_slideshow_gallery&quot;:[{&quot;id&quot;:4645,&quot;url&quot;:&quot;https:\\\/\\\/gattaparda.com\\\/wp-content\\\/uploads\\\/2023\\\/08\\\/2019-03-26-14_50_56.884-scaled.jpg&quot;}],&quot;container_type&quot;:&quot;flex&quot;,&quot;background_slideshow_loop&quot;:&quot;yes&quot;,&quot;background_slideshow_slide_duration&quot;:5000,&quot;background_slideshow_slide_transition&quot;:&quot;fade&quot;,&quot;background_slideshow_transition_duration&quot;:500}\" data-core-v316-plus=\"true\">\n\t\t<div data-particle_enable=\"false\" data-particle-mobile-disabled=\"false\" class=\"elementor-element elementor-element-3c7e658 e-con-full e-flex e-con e-child\" data-id=\"3c7e658\" data-element_type=\"container\" data-settings=\"{&quot;content_width&quot;:&quot;full&quot;,&quot;container_type&quot;:&quot;flex&quot;}\">\n\t\t\t\t<div class=\"elementor-element elementor-element-e30393e e-cart-layout-two-column elementor-widget elementor-widget-woocommerce-cart\" data-id=\"e30393e\" data-element_type=\"widget\" data-settings=\"{&quot;update_cart_automatically&quot;:&quot;yes&quot;,&quot;sticky_right_column&quot;:&quot;yes&quot;}\" data-widget_type=\"woocommerce-cart.default\">\n\t\t\t\t<div class=\"elementor-widget-container\">\n\t\t\t<link rel=\"stylesheet\" href=\"https:\/\/gattaparda.com\/wp-content\/plugins\/elementor-pro\/assets\/css\/widget-woocommerce.min.css\"><div class=\"woocommerce\"><div class=\"woocommerce-notices-wrapper\"><\/div><div class=\"wc-empty-cart-message\">\n\t<div class=\"cart-empty woocommerce-info\" role=\"status\">\n\t\tTu carrito est\u00e1 vac\u00edo.\t<\/div>\n<\/div>\t<p class=\"return-to-shop\">\n\t\t<a class=\"button wc-backward\" href=\"https:\/\/gattaparda.com\/index.php\/shop\/\">\n\t\t\tVolver a la tienda\t\t<\/a>\n\t<\/p>\n<\/div>\t\t<\/div>\n\t\t\t\t<\/div>\n\t\t\t\t<\/div>\n\t\t\t\t<\/div>\n\t\t\t\t\t\t\t<\/div>\n\t\t","protected":false},"excerpt":{"rendered":"<p>Eliminar art\u00edculo Thumbnail image Producto Precio Cantidad Subtotal &times; Bucket Hat Bordado Reversible &#8211; Small 5.000&nbsp;&#36; Bucket Hat Bordado Reversible &#8211; Small cantidad 5.000&nbsp;&#36; APLICAR CUP\u00d3N TOTAL CARRITO Subtotal 5.000&nbsp;&#36; Env\u00edo Env\u00edo Gratuito Retiro por Sucursal Enviar a Donado 324 bis, Rosario, Santa Fe, 2000. Cambiar direcci\u00f3n Country \/ region: Seleccion\u00e1 un pa\u00eds \/ regi\u00f3n&hellip;Argentina &#8230; <a title=\"Cart\" class=\"read-more\" href=\"https:\/\/gattaparda.com\/index.php\/cart\/\" aria-label=\"Leer m\u00e1s sobre Cart\">Leer m\u00e1s<\/a><\/p>\n","protected":false},"author":1,"featured_media":0,"parent":0,"menu_order":0,"comment_status":"closed","ping_status":"closed","template":"","meta":{"_eb_attr":"","_monsterinsights_skip_tracking":false,"_monsterinsights_sitenote_active":false,"_monsterinsights_sitenote_note":"","_monsterinsights_sitenote_category":0,"_joinchat":[],"footnotes":""},"class_list":["post-7","page","type-page","status-publish"],"jetpack_sharing_enabled":true,"_links":{"self":[{"href":"https:\/\/gattaparda.com\/index.php\/wp-json\/wp\/v2\/pages\/7","targetHints":{"allow":["GET"]}}],"collection":[{"href":"https:\/\/gattaparda.com\/index.php\/wp-json\/wp\/v2\/pages"}],"about":[{"href":"https:\/\/gattaparda.com\/index.php\/wp-json\/wp\/v2\/types\/page"}],"author":[{"embeddable":true,"href":"https:\/\/gattaparda.com\/index.php\/wp-json\/wp\/v2\/users\/1"}],"replies":[{"embeddable":true,"href":"https:\/\/gattaparda.com\/index.php\/wp-json\/wp\/v2\/comments?post=7"}],"version-history":[{"count":100,"href":"https:\/\/gattaparda.com\/index.php\/wp-json\/wp\/v2\/pages\/7\/revisions"}],"predecessor-version":[{"id":4902,"href":"https:\/\/gattaparda.com\/index.php\/wp-json\/wp\/v2\/pages\/7\/revisions\/4902"}],"wp:attachment":[{"href":"https:\/\/gattaparda.com\/index.php\/wp-json\/wp\/v2\/media?parent=7"}],"curies":[{"name":"wp","href":"https:\/\/api.w.org\/{rel}","templated":true}]}}