{"id":2812,"date":"2023-08-05T11:34:28","date_gmt":"2023-08-05T14:34:28","guid":{"rendered":"https:\/\/gattaparda.com\/?page_id=2812"},"modified":"2023-09-01T12:19:08","modified_gmt":"2023-09-01T15:19:08","slug":"terms-conditions","status":"publish","type":"page","link":"https:\/\/gattaparda.com\/index.php\/terms-conditions\/","title":{"rendered":"Terms &#038; Conditions"},"content":{"rendered":"\t\t<div data-elementor-type=\"wp-page\" data-elementor-id=\"2812\" class=\"elementor elementor-2812\" data-elementor-post-type=\"page\">\n\t\t\t\t\t\t\t\t\t<section data-particle_enable=\"false\" data-particle-mobile-disabled=\"false\" class=\"elementor-section elementor-top-section elementor-element elementor-element-480c3d6 elementor-section-full_width elementor-section-stretched elementor-hidden-widescreen elementor-section-height-default elementor-section-height-default\" data-id=\"480c3d6\" data-element_type=\"section\" data-settings=\"{&quot;background_background&quot;:&quot;gradient&quot;,&quot;stretch_section&quot;:&quot;section-stretched&quot;}\">\n\t\t\t\t\t\t<div class=\"elementor-container elementor-column-gap-default\">\n\t\t\t\t\t<div class=\"elementor-column elementor-col-100 elementor-top-column elementor-element elementor-element-a07811c\" data-id=\"a07811c\" data-element_type=\"column\" data-settings=\"{&quot;background_background&quot;:&quot;gradient&quot;}\">\n\t\t\t<div class=\"elementor-widget-wrap elementor-element-populated\">\n\t\t\t\t\t\t\t\t<div class=\"elementor-element elementor-element-cb9d261 elementor-widget elementor-widget-heading\" data-id=\"cb9d261\" data-element_type=\"widget\" data-widget_type=\"heading.default\">\n\t\t\t\t<div class=\"elementor-widget-container\">\n\t\t\t<style>\/*! elementor - v3.17.0 - 01-11-2023 *\/\n.elementor-heading-title{padding:0;margin:0;line-height:1}.elementor-widget-heading .elementor-heading-title[class*=elementor-size-]>a{color:inherit;font-size:inherit;line-height:inherit}.elementor-widget-heading .elementor-heading-title.elementor-size-small{font-size:15px}.elementor-widget-heading .elementor-heading-title.elementor-size-medium{font-size:19px}.elementor-widget-heading .elementor-heading-title.elementor-size-large{font-size:29px}.elementor-widget-heading .elementor-heading-title.elementor-size-xl{font-size:39px}.elementor-widget-heading .elementor-heading-title.elementor-size-xxl{font-size:59px}<\/style><h2 class=\"elementor-heading-title elementor-size-default\">Terminos y Condiciones<\/h2>\t\t<\/div>\n\t\t\t\t<\/div>\n\t\t\t\t<div class=\"elementor-element elementor-element-d444ec4 elementor-widget elementor-widget-text-editor\" data-id=\"d444ec4\" data-element_type=\"widget\" data-widget_type=\"text-editor.default\">\n\t\t\t\t<div class=\"elementor-widget-container\">\n\t\t\t<style>\/*! elementor - v3.17.0 - 01-11-2023 *\/\n.elementor-widget-text-editor.elementor-drop-cap-view-stacked .elementor-drop-cap{background-color:#69727d;color:#fff}.elementor-widget-text-editor.elementor-drop-cap-view-framed .elementor-drop-cap{color:#69727d;border:3px solid;background-color:transparent}.elementor-widget-text-editor:not(.elementor-drop-cap-view-default) .elementor-drop-cap{margin-top:8px}.elementor-widget-text-editor:not(.elementor-drop-cap-view-default) .elementor-drop-cap-letter{width:1em;height:1em}.elementor-widget-text-editor .elementor-drop-cap{float:left;text-align:center;line-height:1;font-size:50px}.elementor-widget-text-editor .elementor-drop-cap-letter{display:inline-block}<\/style>\t\t\t\t<h6><em>Esta pol\u00edtica de condiciones de uso es v\u00e1lida a partir del 15 Aug 2023.<\/em><\/h6><p><strong>GATTAPARDA\u00ae<\/strong>, persona jur\u00eddica de derecho privado describe, a trav\u00e9s de este documento, las normas de uso del sitio https:\/\/gattaparda.com\/ y de cualquier otro sitio web, tienda o aplicaci\u00f3n operada por el titular.<\/p><p>Al navegar por este sitio web, consideramos que est\u00e1 de acuerdo con las condiciones de uso que figuran a continuaci\u00f3n.<\/p><p>Si no est\u00e1 de acuerdo con los t\u00e9rminos de este acuerdo, le pedimos que no haga ning\u00fan otro uso de este sitio web, mucho menos que se registre o env\u00ede sus datos personales.<\/p><p>Si cambiamos nuestras condiciones de uso, publicaremos el nuevo texto en este sitio web, con una fecha de revisi\u00f3n actualizada. Podemos modificar este documento en cualquier momento.<\/p><p>Si hay un cambio significativo en los t\u00e9rminos de este acuerdo, podemos informarle utilizando la informaci\u00f3n de contacto que tenemos en nuestra base de datos o mediante una notificaci\u00f3n.<\/p><p>El uso de este sitio web despu\u00e9s de los cambios significa que usted acepta las condiciones de uso revisadas. Si, despu\u00e9s de leer la versi\u00f3n revisada, no est\u00e1 de acuerdo con sus t\u00e9rminos, por favor, termine su acceso.<\/p><h5><strong>Usuario<\/strong><\/h5><p>El uso de este sitio web le otorga autom\u00e1ticamente la condici\u00f3n de Usuario e implica su plena aceptaci\u00f3n de todas las directrices y condiciones incluidas en estas Condiciones.<\/p><h5><strong>Adhesi\u00f3n junto con la pol\u00edtica de privacidad<\/strong><\/h5><p>El uso de este sitio web implica la adhesi\u00f3n a estas Condiciones de Uso y a la versi\u00f3n m\u00e1s actualizada de la <a href=\"https:\/\/gattaparda.com\/index.php\/privacy-policy\/\">Pol\u00edtica de Privacidad<\/a> de <strong>GATTAPARDA\u00ae<\/strong>.<\/p><h5><strong>Condiciones de acceso<\/strong><\/h5><p>En general, el acceso al sitio web de <strong>GATTAPARDA\u00ae<\/strong> es gratuito y no requiere registro previo.<\/p><p>Sin embargo, para hacer uso de algunas funcionalidades, el usuario puede necesitar registrarse, creando una cuenta de usuario con un nombre de usuario y una contrase\u00f1a de acceso.<\/p><p>Es responsabilidad del usuario proporcionar \u00fanicamente informaci\u00f3n correcta, aut\u00e9ntica, v\u00e1lida, completa y actualizada, as\u00ed como no revelar su nombre de usuario y contrase\u00f1a a terceros.<\/p><p>Algunas partes de este sitio web ofrecen al usuario la opci\u00f3n de publicar comentarios en determinadas \u00e1reas. <strong>GATTAPARDA\u00ae<\/strong> no consiente la publicaci\u00f3n de contenidos de car\u00e1cter discriminatorio, ofensivo o il\u00edcito, o que infrinjan los derechos de autor o cualquier otro derecho de terceros.<\/p><p>La publicaci\u00f3n de cualquier contenido por parte del usuario de este sitio web, incluidos los mensajes y comentarios, implica una licencia no exclusiva, irrevocable e irreversible para su uso, reproducci\u00f3n y publicaci\u00f3n por parte de <strong>GATTAPARDA\u00ae<\/strong> en su sitio web, plataformas de internet y aplicaciones, o incluso en otras plataformas, sin ninguna restricci\u00f3n o limitaci\u00f3n.<\/p><h5><strong>Cookies<\/strong><\/h5><p>La informaci\u00f3n sobre el uso que usted hace de este sitio web puede recogerse a trav\u00e9s de las cookies. Las cookies son piezas de informaci\u00f3n que se almacenan directamente en el equipo que est\u00e1 utilizando. Las cookies permiten recoger informaci\u00f3n como el tipo de navegador, el tiempo de permanencia en el sitio web, las p\u00e1ginas visitadas, las preferencias de idioma y otros datos de tr\u00e1fico an\u00f3nimos. Nosotros y nuestros proveedores de servicios utilizamos la informaci\u00f3n para la protecci\u00f3n de la seguridad, para facilitar la navegaci\u00f3n, mostrar la informaci\u00f3n de manera m\u00e1s eficiente y personalizar su experiencia al utilizar este sitio web, as\u00ed como para el seguimiento en l\u00ednea. Tambi\u00e9n recopilamos informaci\u00f3n estad\u00edstica sobre el uso del sitio web para mejorar continuamente nuestro dise\u00f1o y funcionalidad, para entender c\u00f3mo se utiliza el sitio web y para ayudarle a resolver problemas relevantes.<\/p><p>Si no desea que se recoja su informaci\u00f3n a trav\u00e9s de las cookies, existe un procedimiento sencillo en la mayor\u00eda de los navegadores que permite rechazar autom\u00e1ticamente las cookies, o le da la opci\u00f3n de aceptar o rechazar la transferencia de una cookie espec\u00edfica (o varias) de un sitio web concreto a su ordenador. Sin embargo, esto puede crear inconvenientes en su uso del sitio web.<\/p><p>La configuraci\u00f3n que elija puede afectar a su experiencia de navegaci\u00f3n y al funcionamiento que requiere el uso de cookies. En este sentido, rechazamos cualquier responsabilidad por las consecuencias derivadas del funcionamiento limitado de este sitio web causado por la desactivaci\u00f3n de las cookies en su dispositivo (incapacidad para establecer o leer una cookie).<\/p><h5><strong>Propiedad intelectual<\/strong><\/h5><p>Todos los elementos de <strong>GATTAPARDA\u00ae<\/strong> son propiedad intelectual de la misma o de sus licenciantes. Estos t\u00e9rminos o el uso del sitio web no le otorgan ninguna licencia o derecho de uso de los derechos de propiedad intelectual de <strong>GATTAPARDA\u00ae<\/strong> o de cualquier tercero.<\/p><h5><strong>Enlaces a sitios web de terceros<\/strong><\/h5><p>Este sitio web puede contener, de vez en cuando, enlaces de hipertexto que le redirigir\u00e1n a sitios web de nuestros socios, anunciantes, proveedores, etc. Si hace clic en uno de estos enlaces a cualquiera de estos sitios, recuerde que cada sitio tiene sus propias pr\u00e1cticas de privacidad y que nosotros no somos responsables de estas pol\u00edticas. Por favor, consulte esas pol\u00edticas antes de enviar cualquier dato personal a esos sitios.<\/p><p>No somos responsables de las pol\u00edticas y pr\u00e1cticas de recopilaci\u00f3n, uso y divulgaci\u00f3n (incluidas las pr\u00e1cticas de protecci\u00f3n de datos) de otras organizaciones, como Facebook, Apple, Google, Microsoft, o cualquier otro desarrollador de software o proveedor de aplicaciones, tienda de medios sociales, sistema operativo, proveedor de servicios de internet o fabricante de dispositivos, incluidos los Datos Personales que usted divulgue a otras organizaciones a trav\u00e9s de las aplicaciones, en relaci\u00f3n con dichas aplicaciones, o publicados en nuestras redes sociales. Le recomendamos que se informe sobre la pol\u00edtica de privacidad y las condiciones de uso de cada sitio web visitado o proveedor de servicios utilizado.<\/p><h5><strong>Plazos y modificaciones<\/strong><\/h5><p>El funcionamiento de este sitio web es por tiempo indefinido.<\/p><p>La totalidad del sitio web o cada una de sus secciones podr\u00e1 ser cerrada, suspendida o interrumpida unilateralmente por <strong>GATTAPARDA\u00ae<\/strong>, en cualquier momento y sin previo aviso.<\/p><h5><strong>Datos personales<\/strong><\/h5><p>Durante el uso de este sitio web, ciertos datos personales ser\u00e1n recogidos y procesados por <strong>GATTAPARDA\u00ae<\/strong> y\/o los Socios. Las normas relativas al tratamiento de los datos personales de <strong>GATTAPARDA\u00ae<\/strong> est\u00e1n estipuladas en la Pol\u00edtica de Privacidad.<\/p><h5><strong>Contacto<\/strong><\/h5><p>Si tiene alguna pregunta sobre las condiciones de uso, por favor p\u00f3ngase en contacto con nosotros por correo electr\u00f3nico info@gattaparda.com .<\/p>\t\t\t\t\t\t<\/div>\n\t\t\t\t<\/div>\n\t\t\t\t\t<\/div>\n\t\t<\/div>\n\t\t\t\t\t\t\t<\/div>\n\t\t<\/section>\n\t\t<div data-particle_enable=\"false\" data-particle-mobile-disabled=\"false\" class=\"elementor-element elementor-element-0e61d81 e-con-full elementor-hidden-desktop elementor-hidden-tablet elementor-hidden-mobile e-flex e-con e-parent\" data-id=\"0e61d81\" data-element_type=\"container\" data-settings=\"{&quot;background_background&quot;:&quot;gradient&quot;,&quot;content_width&quot;:&quot;full&quot;,&quot;container_type&quot;:&quot;flex&quot;}\" data-core-v316-plus=\"true\">\n\t\t<div data-particle_enable=\"false\" data-particle-mobile-disabled=\"false\" class=\"elementor-element elementor-element-bcd6935 e-flex e-con-boxed e-con e-parent\" data-id=\"bcd6935\" data-element_type=\"container\" data-settings=\"{&quot;background_background&quot;:&quot;classic&quot;,&quot;container_type&quot;:&quot;flex&quot;,&quot;content_width&quot;:&quot;boxed&quot;}\" data-core-v316-plus=\"true\">\n\t\t\t\t\t<div class=\"e-con-inner\">\n\t\t\t\t<div class=\"elementor-element elementor-element-e0e5a35 elementor-widget elementor-widget-heading\" data-id=\"e0e5a35\" data-element_type=\"widget\" data-widget_type=\"heading.default\">\n\t\t\t\t<div class=\"elementor-widget-container\">\n\t\t\t<h2 class=\"elementor-heading-title elementor-size-default\">Terminos y Condiciones<\/h2>\t\t<\/div>\n\t\t\t\t<\/div>\n\t\t\t\t<div class=\"elementor-element elementor-element-5cf2389 elementor-widget elementor-widget-text-editor\" data-id=\"5cf2389\" data-element_type=\"widget\" data-widget_type=\"text-editor.default\">\n\t\t\t\t<div class=\"elementor-widget-container\">\n\t\t\t\t\t\t\t<h6><em>Esta pol\u00edtica de condiciones de uso es v\u00e1lida a partir del 1 Sept 2023.<\/em><\/h6><p><strong>GATTAPARDA\u00ae<\/strong>, persona jur\u00eddica de derecho privado describe, a trav\u00e9s de este documento, las normas de uso del sitio https:\/\/gattaparda.com\/ y de cualquier otro sitio web, tienda o aplicaci\u00f3n operada por el titular.<\/p><p>Al navegar por este sitio web, consideramos que est\u00e1 de acuerdo con las condiciones de uso que figuran a continuaci\u00f3n.<\/p><p>Si no est\u00e1 de acuerdo con los t\u00e9rminos de este acuerdo, le pedimos que no haga ning\u00fan otro uso de este sitio web, mucho menos que se registre o env\u00ede sus datos personales.<\/p><p>Si cambiamos nuestras condiciones de uso, publicaremos el nuevo texto en este sitio web, con una fecha de revisi\u00f3n actualizada. Podemos modificar este documento en cualquier momento.<\/p><p>Si hay un cambio significativo en los t\u00e9rminos de este acuerdo, podemos informarle utilizando la informaci\u00f3n de contacto que tenemos en nuestra base de datos o mediante una notificaci\u00f3n.<\/p><p>El uso de este sitio web despu\u00e9s de los cambios significa que usted acepta las condiciones de uso revisadas. Si, despu\u00e9s de leer la versi\u00f3n revisada, no est\u00e1 de acuerdo con sus t\u00e9rminos, por favor, termine su acceso.<\/p><h2><strong>Usuario<\/strong><\/h2><p>El uso de este sitio web le otorga autom\u00e1ticamente la condici\u00f3n de Usuario e implica su plena aceptaci\u00f3n de todas las directrices y condiciones incluidas en estas Condiciones.<\/p><h2><strong>Adhesi\u00f3n junto con la pol\u00edtica de privacidad<\/strong><\/h2><p>El uso de este sitio web implica la adhesi\u00f3n a estas Condiciones de Uso y a la versi\u00f3n m\u00e1s actualizada de la <a href=\"https:\/\/gattaparda.com\/index.php\/privacy-policy\/\">Pol\u00edtica de Privacidad<\/a> de <strong>GATTAPARDA\u00ae<\/strong>.<\/p><h2><strong>Condiciones de acceso<\/strong><\/h2><p>En general, el acceso al sitio web de <strong>GATTAPARDA\u00ae<\/strong> es gratuito y no requiere registro previo.<\/p><p>Sin embargo, para hacer uso de algunas funcionalidades, el usuario puede necesitar registrarse, creando una cuenta de usuario con un nombre de usuario y una contrase\u00f1a de acceso.<\/p><p>Es responsabilidad del usuario proporcionar \u00fanicamente informaci\u00f3n correcta, aut\u00e9ntica, v\u00e1lida, completa y actualizada, as\u00ed como no revelar su nombre de usuario y contrase\u00f1a a terceros.<\/p><p>Algunas partes de este sitio web ofrecen al usuario la opci\u00f3n de publicar comentarios en determinadas \u00e1reas. <strong>GATTAPARDA\u00ae<\/strong> no consiente la publicaci\u00f3n de contenidos de car\u00e1cter discriminatorio, ofensivo o il\u00edcito, o que infrinjan los derechos de autor o cualquier otro derecho de terceros.<\/p><p>La publicaci\u00f3n de cualquier contenido por parte del usuario de este sitio web, incluidos los mensajes y comentarios, implica una licencia no exclusiva, irrevocable e irreversible para su uso, reproducci\u00f3n y publicaci\u00f3n por parte de <strong>GATTAPARDA\u00ae<\/strong> en su sitio web, plataformas de internet y aplicaciones, o incluso en otras plataformas, sin ninguna restricci\u00f3n o limitaci\u00f3n.<\/p><h2><strong>Cookies<\/strong><\/h2><p>La informaci\u00f3n sobre el uso que usted hace de este sitio web puede recogerse a trav\u00e9s de las cookies. Las cookies son piezas de informaci\u00f3n que se almacenan directamente en el equipo que est\u00e1 utilizando. Las cookies permiten recoger informaci\u00f3n como el tipo de navegador, el tiempo de permanencia en el sitio web, las p\u00e1ginas visitadas, las preferencias de idioma y otros datos de tr\u00e1fico an\u00f3nimos. Nosotros y nuestros proveedores de servicios utilizamos la informaci\u00f3n para la protecci\u00f3n de la seguridad, para facilitar la navegaci\u00f3n, mostrar la informaci\u00f3n de manera m\u00e1s eficiente y personalizar su experiencia al utilizar este sitio web, as\u00ed como para el seguimiento en l\u00ednea. Tambi\u00e9n recopilamos informaci\u00f3n estad\u00edstica sobre el uso del sitio web para mejorar continuamente nuestro dise\u00f1o y funcionalidad, para entender c\u00f3mo se utiliza el sitio web y para ayudarle a resolver problemas relevantes.<\/p><p>Si no desea que se recoja su informaci\u00f3n a trav\u00e9s de las cookies, existe un procedimiento sencillo en la mayor\u00eda de los navegadores que permite rechazar autom\u00e1ticamente las cookies, o le da la opci\u00f3n de aceptar o rechazar la transferencia de una cookie espec\u00edfica (o varias) de un sitio web concreto a su ordenador. Sin embargo, esto puede crear inconvenientes en su uso del sitio web.<\/p><p>La configuraci\u00f3n que elija puede afectar a su experiencia de navegaci\u00f3n y al funcionamiento que requiere el uso de cookies. En este sentido, rechazamos cualquier responsabilidad por las consecuencias derivadas del funcionamiento limitado de este sitio web causado por la desactivaci\u00f3n de las cookies en su dispositivo (incapacidad para establecer o leer una cookie).<\/p><h2><strong>Propiedad intelectual<\/strong><\/h2><p>Todos los elementos de <strong>GATTAPARDA\u00ae<\/strong> son propiedad intelectual de la misma o de sus licenciantes. Estos t\u00e9rminos o el uso del sitio web no le otorgan ninguna licencia o derecho de uso de los derechos de propiedad intelectual de <strong>GATTAPARDA\u00ae<\/strong> o de cualquier tercero.<\/p><h2><strong>Enlaces a sitios web de terceros<\/strong><\/h2><p>Este sitio web puede contener, de vez en cuando, enlaces de hipertexto que le redirigir\u00e1n a sitios web de nuestros socios, anunciantes, proveedores, etc. Si hace clic en uno de estos enlaces a cualquiera de estos sitios, recuerde que cada sitio tiene sus propias pr\u00e1cticas de privacidad y que nosotros no somos responsables de estas pol\u00edticas. Por favor, consulte esas pol\u00edticas antes de enviar cualquier dato personal a esos sitios.<\/p><p>No somos responsables de las pol\u00edticas y pr\u00e1cticas de recopilaci\u00f3n, uso y divulgaci\u00f3n (incluidas las pr\u00e1cticas de protecci\u00f3n de datos) de otras organizaciones, como Facebook, Apple, Google, Microsoft, o cualquier otro desarrollador de software o proveedor de aplicaciones, tienda de medios sociales, sistema operativo, proveedor de servicios de internet o fabricante de dispositivos, incluidos los Datos Personales que usted divulgue a otras organizaciones a trav\u00e9s de las aplicaciones, en relaci\u00f3n con dichas aplicaciones, o publicados en nuestras redes sociales. Le recomendamos que se informe sobre la pol\u00edtica de privacidad y las condiciones de uso de cada sitio web visitado o proveedor de servicios utilizado.<\/p><h2><strong>Plazos y modificaciones<\/strong><\/h2><p>El funcionamiento de este sitio web es por tiempo indefinido.<\/p><p>La totalidad del sitio web o cada una de sus secciones podr\u00e1 ser cerrada, suspendida o interrumpida unilateralmente por <strong>GATTAPARDA\u00ae<\/strong>, en cualquier momento y sin previo aviso.<\/p><h2><strong>Datos personales<\/strong><\/h2><p>Durante el uso de este sitio web, ciertos datos personales ser\u00e1n recogidos y procesados por <strong>GATTAPARDA\u00ae<\/strong> y\/o los Socios. Las normas relativas al tratamiento de los datos personales de <strong>GATTAPARDA\u00ae<\/strong> est\u00e1n estipuladas en la Pol\u00edtica de Privacidad.<\/p><h2><strong>Contacto<\/strong><\/h2><p>Si tiene alguna pregunta sobre las condiciones de uso, por favor p\u00f3ngase en contacto con nosotros por correo electr\u00f3nico info@gattaparda.com .<\/p>\t\t\t\t\t\t<\/div>\n\t\t\t\t<\/div>\n\t\t\t\t\t<\/div>\n\t\t\t\t<\/div>\n\t\t\t\t<\/div>\n\t\t\t\t\t\t\t<\/div>\n\t\t","protected":false},"excerpt":{"rendered":"<p>Terminos y Condiciones Esta pol\u00edtica de condiciones de uso es v\u00e1lida a partir del 15 Aug 2023. GATTAPARDA\u00ae, persona jur\u00eddica de derecho privado describe, a trav\u00e9s de este documento, las normas de uso del sitio https:\/\/gattaparda.com\/ y de cualquier otro sitio web, tienda o aplicaci\u00f3n operada por el titular. Al navegar por este sitio web, &#8230; <a title=\"Terms &#038; Conditions\" class=\"read-more\" href=\"https:\/\/gattaparda.com\/index.php\/terms-conditions\/\" aria-label=\"Leer m\u00e1s sobre Terms &#038; Conditions\">Leer m\u00e1s<\/a><\/p>\n","protected":false},"author":1,"featured_media":0,"parent":0,"menu_order":0,"comment_status":"closed","ping_status":"closed","template":"","meta":{"_eb_attr":"","_monsterinsights_skip_tracking":false,"_monsterinsights_sitenote_active":false,"_monsterinsights_sitenote_note":"","_monsterinsights_sitenote_category":0,"_joinchat":[],"footnotes":""},"class_list":["post-2812","page","type-page","status-publish"],"jetpack_sharing_enabled":true,"_links":{"self":[{"href":"https:\/\/gattaparda.com\/index.php\/wp-json\/wp\/v2\/pages\/2812","targetHints":{"allow":["GET"]}}],"collection":[{"href":"https:\/\/gattaparda.com\/index.php\/wp-json\/wp\/v2\/pages"}],"about":[{"href":"https:\/\/gattaparda.com\/index.php\/wp-json\/wp\/v2\/types\/page"}],"author":[{"embeddable":true,"href":"https:\/\/gattaparda.com\/index.php\/wp-json\/wp\/v2\/users\/1"}],"replies":[{"embeddable":true,"href":"https:\/\/gattaparda.com\/index.php\/wp-json\/wp\/v2\/comments?post=2812"}],"version-history":[{"count":67,"href":"https:\/\/gattaparda.com\/index.php\/wp-json\/wp\/v2\/pages\/2812\/revisions"}],"predecessor-version":[{"id":4812,"href":"https:\/\/gattaparda.com\/index.php\/wp-json\/wp\/v2\/pages\/2812\/revisions\/4812"}],"wp:attachment":[{"href":"https:\/\/gattaparda.com\/index.php\/wp-json\/wp\/v2\/media?parent=2812"}],"curies":[{"name":"wp","href":"https:\/\/api.w.org\/{rel}","templated":true}]}}